{"id":4463,"date":"2022-06-29T10:11:11","date_gmt":"2022-06-29T08:11:11","guid":{"rendered":"https:\/\/dev.languagemasters.ch\/?page_id=4463"},"modified":"2026-01-27T14:45:04","modified_gmt":"2026-01-27T13:45:04","slug":"agb","status":"publish","type":"page","link":"https:\/\/test.lm.annajurekjellonek.com\/de\/ueber-uns\/agb\/","title":{"rendered":"AGB"},"content":{"rendered":"\t\t<div data-elementor-type=\"wp-page\" data-elementor-id=\"4463\" class=\"elementor elementor-4463\" data-elementor-post-type=\"page\">\n\t\t\t\t\t\t<section class=\"elementor-section elementor-top-section elementor-element elementor-element-2a59f268 elementor-section-boxed elementor-section-height-default elementor-section-height-default\" data-id=\"2a59f268\" data-element_type=\"section\" data-e-type=\"section\">\n\t\t\t\t\t\t<div class=\"elementor-container elementor-column-gap-default\">\n\t\t\t\t\t<div class=\"elementor-column elementor-col-100 elementor-top-column elementor-element elementor-element-62f352f5\" data-id=\"62f352f5\" data-element_type=\"column\" data-e-type=\"column\">\n\t\t\t<div class=\"elementor-widget-wrap elementor-element-populated\">\n\t\t\t\t\t\t<div class=\"elementor-element elementor-element-1585662f elementor-widget elementor-widget-text-editor\" data-id=\"1585662f\" data-element_type=\"widget\" data-e-type=\"widget\" data-widget_type=\"text-editor.default\">\n\t\t\t\t<div class=\"elementor-widget-container\">\n\t\t\t\t\t\t\t\t\t<h4>\u00a0<strong>1. Geltungsbereich<\/strong><\/h4><p>Die nachfolgenden Gesch\u00e4ftsbedingungen gelten als Grundlage f\u00fcr die Vertragsabschl\u00fcsse s\u00e4mtlicher Kurse, welche die LanguageMasters GmbH auf der Webseite <a href=\"https:\/\/test.lm.annajurekjellonek.com\/\">www.languagemasters.ch<\/a> anbietet. G\u00fcltigkeit ab 23 Mai 2017.<\/p><h4><strong>2. Kursanmeldung \/ Vertragsabschluss<\/strong><\/h4><p>Die Kursanmeldung erfolgt in jedem Fall schriftlich. Eine Best\u00e4tigung per E-Mail oder telefonisch gilt als rechtsg\u00fcltig. Die Kursgeb\u00fchr ist vor Kursbeginn oder in vereinbarten monatlichen Raten zu zahlen. Die Zahlungsart bestimmt der Kunde bei Erhalt der Rechnung selbst: \u00dcberweisung, oder Bezahlen mit Kreditkarte. Bei Nichterscheinen oder Abbruch des Kurses erfolgt keine R\u00fcckerstattung der Kursgeb\u00fchren.<\/p><h4><strong>2.1 Ratenzahlung \/ Zahlungsbedingungen<\/strong><\/h4><p>LanguageMasters GmbH bietet einen Ratenzahlungsplan. Bei vereinbarter Ratenzahlung ist die erste Rate 10 Tage vor Kursbeginn f\u00e4llig. Die weiteren sind gem\u00e4ss Ratenzahlungsplan zu entrichten, in der Regel erfolgen die weiteren Ratenzahlungen automatisiert alle 30 Tage. Das Nichtbezahlen der Kursgeb\u00fchren gilt nicht als R\u00fccktritt vom Vertrag. Pro Rate wird ein Zuschlag von 20 CHF erhoben.<\/p><h4><strong>2.2. Zahlungsfrist \/ Verzug \/ Mahngeb\u00fchren<\/strong><\/h4><p>Es gilt grunds\u00e4tzlich Vorauszahlung mit einer Zahlungsfrist von 10 Tagen ab Rechnungsdatum. Erfolgt keine Zahlung bis zum Ablauf der Zahlungsfrist, erhalten Sie eine kostenlose Zahlungserinnerung. Kommt der Kunde auch nach einer Zahlungserinnerung seiner Zahlungsverpflichtung nicht nach, beh\u00e4lt sich die LanguageMasters GmbH vor, f\u00fcr die 1. und 2. Eingeschriebene Mahnung mit Betreibungsandrohung je 20 CHF Mahngeb\u00fchren zu erheben. Wenn die Zahlung immer noch nicht erfolgt ist, werden betreibungsrechtliche Schritte eingeleitet.<\/p><h4><strong>3. Kursorganisation und Durchf\u00fchrung<\/strong><\/h4><p>Die Gruppenkurse finden grunds\u00e4tzlich in unseren R\u00e4umlichkeiten statt, soweit nicht anders vereinbart. Um Kurse unter optimalen Bedingungen durchf\u00fchren zu k\u00f6nnen, ist die Mindestteilnehmerzahl auf drei Teilnehmer festgelegt. Maximum sechs Teilnehmer pro Kurs sind zugelassen. Wird die Mindestteilnehmerzahl unterschritten, erfolgt eine Absage des Kurses oder entsprechende \u00c4nderung a) unter Erh\u00f6hung des Kursgeldes bei Behalten der gleichen Stundenanzahl (beim Einverst\u00e4ndnis der Kursteilnehmer und der Schulleitung) bzw. b) Reduktion der Lektionenanzahl beim Behalten der gleichen Kosten.<\/p><p>Wir behalten uns das Recht vor, einen Kursleitungswechsel vorzunehmen oder eine Stellvertretung einzusetzen, sowie Klassen zeitlich zu verschieben, zusammenzulegen oder umzuteilen. Die Organisation eines Gruppenkurses dauert zwischen 3-6 Wochen, die eines Privatkurses zwischen 1-2 Wochen.<\/p><h4><strong>3.1.\u00a0\u00a0 Unterrichtsdauer<\/strong><\/h4><p>Eine LanguageMasters-Lektion dauert 60 Minuten.<\/p><h4><strong>3.2.\u00a0\u00a0 Eintritt nach Kursbeginn<\/strong><\/h4><p>Der Eintritt in unsere Kurse ist jederzeit nach Absprache, bei freien Pl\u00e4tzen und entsprechenden Vorkenntnissen m\u00f6glich. Der Kurspreis wird ab Eintrittsdatum in Rechnung gestellt.<\/p><h4><strong>3.3.\u00a0\u00a0 Kursabmeldung<\/strong><\/h4><p>Stornierungen bis 2 Wochen vor Kursbeginn sind kostenlos m\u00f6glich und schriftlich mitzuteilen. Bei Abmeldungen bis 1 Woche vor Kursbeginn werden 50% des Kursgeldes und weniger als 1 Woche 70% des Kursgeldes plus CHF 100 Bearbeitungsgeb\u00fchr verrechnet. Nach Kursstart ist eine R\u00fcckerstattung des Kursgeldes ausgeschlossen.<\/p><p class=\"p1\">Vorausbuchungsbudgets werden nicht zuru\u0308ckerstattet und mu\u0308ssen gem\u00e4ss den separaten Vorausbuchungsbedingungen (die mit dem urspru\u0308nglichen Vertrag und der Rechnung versandt wurden) verwendet werden.<\/p><p>In begr\u00fcndeten Ausnahmef\u00e4llen (z.B. schwerwiegende Krankheit) kann nach Ermessen der Schulleitung eine Gutschrift f\u00fcr einen n\u00e4chsten, sp\u00e4ter stattfindenden Kurs oder Privatunterricht gew\u00e4hrt werden. Diese Gutschrift ist vier Monate lang g\u00fcltig, danach verf\u00e4llt sie. Dies gilt auch f\u00fcr Gruppenunterricht mit Kinderbetreuung. Andere Geb\u00fchren: Die VISA-Anmelde-, Annullierungs- und Bearbeitungsgeb\u00fchr betr\u00e4gt CHF 100.<\/p><h4><strong>3.4 Absagen \/ Verschiebung<\/strong><\/h4><p><strong>Gruppenkurse:<\/strong><\/p><p>Die Gruppenkurse k\u00f6nnen nicht verschoben werden. Findet ein Kurs w\u00e4hrend der von LanguageMasters ausgeschriebenen Ferien nicht statt, wird der Kursausfall nachgeholt und die Kursdauer dadurch verl\u00e4ngert. Vers\u00e4umte Lektionen infolge Krankheit oder Ferien k\u00f6nnen nicht nachgeholt werden und es besteht kein Anspruch auf R\u00fcckerstattung des Kursgeldes.<\/p><p><strong>Privatlektionen:<\/strong><\/p><p>Gebuchte Privatstunden sind 24h im Voraus (aber vor 19:00 Uhr am Vorabend) schriftlich zu stornieren und auf einen sp\u00e4teren Termin zu verschieben. Stornierungen, die nach 24 Stunden erfolgen, werden in voller H\u00f6he berechnet. Bei Krankheit des Lehrers kann der Kurs abgesagt und auf einen sp\u00e4teren Termin verschoben werden oder es kann auf Wunsch ein Ersatz organisiert werden. Bezahlte, aber nicht genutzte Unterrichtsstunden werden nicht erstattet oder kompensiert.<\/p><p>Die Privatstunden m\u00fcssen je nach Anzahl der gebuchten Stunden innerhalb eines bestimmten Zeitraums (siehe unten) in Anspruch genommen werden, danach verfallen die nicht genutzten Stunden.<\/p><p>5-10 Lektionen &#8211; innerhalb von 3 Monaten<\/p><p>Pack A (24h) &#8211; innerhalb von 6 Monaten<\/p><h4><strong>3.5 Ausschluss vom Kurs<\/strong><\/h4><p>LanguageMasters beh\u00e4lt sich im Interesse des Wohls der Firma und der bestehenden Klientel vor, den Vertrag mit dem Kunden bei Verletzung der LanguageMasters Werte (z.B. jede Art von Diskriminierung, Rassismus, aggressives Verhalten u.\u00e4.) aufzul\u00f6sen bzw. eine zufriedenstellende L\u00f6sung zu finden.<\/p><h4><strong>3.6 Pre-booking budgets<\/strong><\/h4><p>Vorbestellte Budgets m\u00fcssen innerhalb der ihnen zugewiesenen Zeit verwendet werden (unter 5000 Fr. &#8211; 12 Monate, \u00fcber 6000 Fr. &#8211; 18 Monate). Danach k\u00f6nnen Sie das Budget f\u00fcr weitere 3 Monate gegen eine Geb\u00fchr von CHF 200 reaktivieren. Bitte beachten Sie, dass Sie das Prepaid-Budget nur dreimal reaktivieren k\u00f6nnen.<\/p><p>Wenn Sie den vorausbezahlten Betrag nicht in der erforderlichen Zeit verwenden, verf\u00e4llt das Budget.<\/p><h4><strong>4. Kursbest\u00e4tigung \/ Zertifikat<\/strong><\/h4><p>Nach erfolgtem Besuch von mindestens 80% der Kurslektionen stellen wir Ihnen gerne eine Kursbest\u00e4tigung aus. Auf Ihren Wunsch k\u00f6nnen Sie bei LanguageMasters eine interne nach GER ausgerichtete Pr\u00fcfung absolvieren und ein Zertifikat erlangen. Die Pr\u00fcfungsgeb\u00fchr betr\u00e4gt CHF 100. Sie haben auch die M\u00f6glichkeit, die international anerkannten telc Pr\u00fcfungen (Deutsch A1-C2) bei LanguageMasters zu absolvieren.<\/p><p class=\"p1\"><strong>5. Verwaltungsgebu\u0308hren<\/strong><\/p><p class=\"p1\">\u00c4nderungen am Vertrag oder an der Rechnung nach Annahme des Angebots und der Buchungsunterlagen sowie zus\u00e4tzliche Best\u00e4tigungen fu\u0308r Zahlungen oder Steuern werden gem\u00e4ss den festgelegten Gebu\u0308hren separat in Rechnung gestellt (weitere Informationen erhalten Sie von unseren Verwaltungsmitarbeitern).<\/p><p class=\"p1\"><strong>6. Urheberrecht<\/strong><\/p><p class=\"p1\">Die Kursunterlagen (Kopien, Bu\u0308cher, Handouts), die LanguageMasters den Kursteilnehmern zur Verfu\u0308gung stellt, sind urheberrechtlich geschu\u0308tzt und du\u0308rfen nicht vervielf\u00e4ltigt oder verbreitet werden. Verst\u00f6sse gegen das Urheberrecht k\u00f6nnen strafrechtlich verfolgt werden.<\/p><p class=\"p1\"><strong>7. \u00c4nderungen<\/strong><\/p><p class=\"p1\">Wir behalten uns das Recht vor, unsere Preise, Kursangebote (Dienstleistungen) und AGB jederzeit zu \u00e4ndern.<\/p><p class=\"p1\"><strong>8. Datenschutz<\/strong><\/p><p class=\"p1\">Der Schutz Ihrer personenbezogenen Daten und Ihrer Privatsph\u00e4re ist uns sehr wichtig. Aus diesem Grund halten wir uns strikt an die gesetzlichen Bestimmungen und Datenschutzgesetze.<\/p><p class=\"p1\"><strong>9. Haftungsbeschr\u00e4nkung<\/strong><\/p><p class=\"p1\">Die LanguageMasters GmbH u\u0308bernimmt keine Haftung fu\u0308r Verlust, Diebstahl oder Besch\u00e4digung von pers\u00f6nlichem Eigentum. Kunden wird empfohlen, gegebenenfalls eine entsprechende Versicherung abzuschliessen.<\/p><p class=\"p1\"><strong>10. Gerichtsstand und anwendbares Recht<\/strong><\/p><p class=\"p1\">Diese Allgemeinen Gesch\u00e4ftsbedingungen unterliegen schweizerischem Recht und der ausschliesslichen Zust\u00e4ndigkeit der schweizerischen Gerichte. Gerichtsstand ist Zu\u0308rich, Schweiz.<\/p><p>Januar 2025<\/p>\t\t\t\t\t\t\t\t<\/div>\n\t\t\t\t<\/div>\n\t\t\t\t\t<\/div>\n\t\t<\/div>\n\t\t\t\t\t<\/div>\n\t\t<\/section>\n\t\t\t\t<\/div>\n\t\t","protected":false},"excerpt":{"rendered":"<p>\u00a01. Geltungsbereich Die nachfolgenden Gesch\u00e4ftsbedingungen gelten als Grundlage f\u00fcr die Vertragsabschl\u00fcsse s\u00e4mtlicher Kurse, welche die LanguageMasters GmbH auf der Webseite www.languagemasters.ch anbietet. G\u00fcltigkeit ab 23 Mai 2017. 2. Kursanmeldung \/ Vertragsabschluss Die Kursanmeldung erfolgt in jedem Fall schriftlich. Eine Best\u00e4tigung per E-Mail oder telefonisch gilt als rechtsg\u00fcltig. Die Kursgeb\u00fchr ist vor Kursbeginn oder in vereinbarten [&hellip;]<\/p>\n","protected":false},"author":3,"featured_media":0,"parent":3714,"menu_order":0,"comment_status":"closed","ping_status":"closed","template":"","meta":{"_acf_changed":false,"footnotes":""},"class_list":["post-4463","page","type-page","status-publish","hentry"],"acf":[],"yoast_head":"<!-- This site is optimized with the Yoast SEO plugin v27.4 - https:\/\/yoast.com\/product\/yoast-seo-wordpress\/ -->\n<title>AGB - LanguageMasters<\/title>\n<meta name=\"robots\" content=\"index, follow, max-snippet:-1, max-image-preview:large, max-video-preview:-1\" \/>\n<link rel=\"canonical\" href=\"https:\/\/test.lm.annajurekjellonek.com\/de\/ueber-uns\/agb\/\" \/>\n<meta property=\"og:locale\" content=\"de_DE\" \/>\n<meta property=\"og:type\" content=\"article\" \/>\n<meta property=\"og:title\" content=\"AGB - LanguageMasters\" \/>\n<meta property=\"og:description\" content=\"\u00a01. Geltungsbereich Die nachfolgenden Gesch\u00e4ftsbedingungen gelten als Grundlage f\u00fcr die Vertragsabschl\u00fcsse s\u00e4mtlicher Kurse, welche die LanguageMasters GmbH auf der Webseite www.languagemasters.ch anbietet. G\u00fcltigkeit ab 23 Mai 2017. 2. Kursanmeldung \/ Vertragsabschluss Die Kursanmeldung erfolgt in jedem Fall schriftlich. Eine Best\u00e4tigung per E-Mail oder telefonisch gilt als rechtsg\u00fcltig. Die Kursgeb\u00fchr ist vor Kursbeginn oder in vereinbarten [&hellip;]\" \/>\n<meta property=\"og:url\" content=\"https:\/\/test.lm.annajurekjellonek.com\/de\/ueber-uns\/agb\/\" \/>\n<meta property=\"og:site_name\" content=\"LanguageMasters\" \/>\n<meta property=\"article:modified_time\" content=\"2026-01-27T13:45:04+00:00\" \/>\n<meta name=\"twitter:card\" content=\"summary_large_image\" \/>\n<meta name=\"twitter:label1\" content=\"Gesch\u00e4tzte Lesezeit\" \/>\n\t<meta name=\"twitter:data1\" content=\"6\u00a0Minuten\" \/>\n<script type=\"application\/ld+json\" class=\"yoast-schema-graph\">{\"@context\":\"https:\\\/\\\/schema.org\",\"@graph\":[{\"@type\":\"WebPage\",\"@id\":\"https:\\\/\\\/test.lm.annajurekjellonek.com\\\/de\\\/ueber-uns\\\/agb\\\/\",\"url\":\"https:\\\/\\\/test.lm.annajurekjellonek.com\\\/de\\\/ueber-uns\\\/agb\\\/\",\"name\":\"AGB - LanguageMasters\",\"isPartOf\":{\"@id\":\"https:\\\/\\\/test.lm.annajurekjellonek.com\\\/#website\"},\"datePublished\":\"2022-06-29T08:11:11+00:00\",\"dateModified\":\"2026-01-27T13:45:04+00:00\",\"breadcrumb\":{\"@id\":\"https:\\\/\\\/test.lm.annajurekjellonek.com\\\/de\\\/ueber-uns\\\/agb\\\/#breadcrumb\"},\"inLanguage\":\"de\",\"potentialAction\":[{\"@type\":\"ReadAction\",\"target\":[\"https:\\\/\\\/test.lm.annajurekjellonek.com\\\/de\\\/ueber-uns\\\/agb\\\/\"]}]},{\"@type\":\"BreadcrumbList\",\"@id\":\"https:\\\/\\\/test.lm.annajurekjellonek.com\\\/de\\\/ueber-uns\\\/agb\\\/#breadcrumb\",\"itemListElement\":[{\"@type\":\"ListItem\",\"position\":1,\"name\":\"Startseite\",\"item\":\"https:\\\/\\\/test.lm.annajurekjellonek.com\\\/\"},{\"@type\":\"ListItem\",\"position\":2,\"name\":\"\u00dcber uns\",\"item\":\"https:\\\/\\\/test.lm.annajurekjellonek.com\\\/about-us\\\/\"},{\"@type\":\"ListItem\",\"position\":3,\"name\":\"AGB\"}]},{\"@type\":\"WebSite\",\"@id\":\"https:\\\/\\\/test.lm.annajurekjellonek.com\\\/#website\",\"url\":\"https:\\\/\\\/test.lm.annajurekjellonek.com\\\/\",\"name\":\"LanguageMasters\",\"description\":\"Eine weitere WordPress-Website\",\"potentialAction\":[{\"@type\":\"SearchAction\",\"target\":{\"@type\":\"EntryPoint\",\"urlTemplate\":\"https:\\\/\\\/test.lm.annajurekjellonek.com\\\/?s={search_term_string}\"},\"query-input\":{\"@type\":\"PropertyValueSpecification\",\"valueRequired\":true,\"valueName\":\"search_term_string\"}}],\"inLanguage\":\"de\"}]}<\/script>\n<!-- \/ Yoast SEO plugin. -->","yoast_head_json":{"title":"AGB - LanguageMasters","robots":{"index":"index","follow":"follow","max-snippet":"max-snippet:-1","max-image-preview":"max-image-preview:large","max-video-preview":"max-video-preview:-1"},"canonical":"https:\/\/test.lm.annajurekjellonek.com\/de\/ueber-uns\/agb\/","og_locale":"de_DE","og_type":"article","og_title":"AGB - LanguageMasters","og_description":"\u00a01. Geltungsbereich Die nachfolgenden Gesch\u00e4ftsbedingungen gelten als Grundlage f\u00fcr die Vertragsabschl\u00fcsse s\u00e4mtlicher Kurse, welche die LanguageMasters GmbH auf der Webseite www.languagemasters.ch anbietet. G\u00fcltigkeit ab 23 Mai 2017. 2. Kursanmeldung \/ Vertragsabschluss Die Kursanmeldung erfolgt in jedem Fall schriftlich. Eine Best\u00e4tigung per E-Mail oder telefonisch gilt als rechtsg\u00fcltig. Die Kursgeb\u00fchr ist vor Kursbeginn oder in vereinbarten [&hellip;]","og_url":"https:\/\/test.lm.annajurekjellonek.com\/de\/ueber-uns\/agb\/","og_site_name":"LanguageMasters","article_modified_time":"2026-01-27T13:45:04+00:00","twitter_card":"summary_large_image","twitter_misc":{"Gesch\u00e4tzte Lesezeit":"6\u00a0Minuten"},"schema":{"@context":"https:\/\/schema.org","@graph":[{"@type":"WebPage","@id":"https:\/\/test.lm.annajurekjellonek.com\/de\/ueber-uns\/agb\/","url":"https:\/\/test.lm.annajurekjellonek.com\/de\/ueber-uns\/agb\/","name":"AGB - LanguageMasters","isPartOf":{"@id":"https:\/\/test.lm.annajurekjellonek.com\/#website"},"datePublished":"2022-06-29T08:11:11+00:00","dateModified":"2026-01-27T13:45:04+00:00","breadcrumb":{"@id":"https:\/\/test.lm.annajurekjellonek.com\/de\/ueber-uns\/agb\/#breadcrumb"},"inLanguage":"de","potentialAction":[{"@type":"ReadAction","target":["https:\/\/test.lm.annajurekjellonek.com\/de\/ueber-uns\/agb\/"]}]},{"@type":"BreadcrumbList","@id":"https:\/\/test.lm.annajurekjellonek.com\/de\/ueber-uns\/agb\/#breadcrumb","itemListElement":[{"@type":"ListItem","position":1,"name":"Startseite","item":"https:\/\/test.lm.annajurekjellonek.com\/"},{"@type":"ListItem","position":2,"name":"\u00dcber uns","item":"https:\/\/test.lm.annajurekjellonek.com\/about-us\/"},{"@type":"ListItem","position":3,"name":"AGB"}]},{"@type":"WebSite","@id":"https:\/\/test.lm.annajurekjellonek.com\/#website","url":"https:\/\/test.lm.annajurekjellonek.com\/","name":"LanguageMasters","description":"Eine weitere WordPress-Website","potentialAction":[{"@type":"SearchAction","target":{"@type":"EntryPoint","urlTemplate":"https:\/\/test.lm.annajurekjellonek.com\/?s={search_term_string}"},"query-input":{"@type":"PropertyValueSpecification","valueRequired":true,"valueName":"search_term_string"}}],"inLanguage":"de"}]}},"_links":{"self":[{"href":"https:\/\/test.lm.annajurekjellonek.com\/de\/wp-json\/wp\/v2\/pages\/4463","targetHints":{"allow":["GET"]}}],"collection":[{"href":"https:\/\/test.lm.annajurekjellonek.com\/de\/wp-json\/wp\/v2\/pages"}],"about":[{"href":"https:\/\/test.lm.annajurekjellonek.com\/de\/wp-json\/wp\/v2\/types\/page"}],"author":[{"embeddable":true,"href":"https:\/\/test.lm.annajurekjellonek.com\/de\/wp-json\/wp\/v2\/users\/3"}],"replies":[{"embeddable":true,"href":"https:\/\/test.lm.annajurekjellonek.com\/de\/wp-json\/wp\/v2\/comments?post=4463"}],"version-history":[{"count":47,"href":"https:\/\/test.lm.annajurekjellonek.com\/de\/wp-json\/wp\/v2\/pages\/4463\/revisions"}],"predecessor-version":[{"id":8555,"href":"https:\/\/test.lm.annajurekjellonek.com\/de\/wp-json\/wp\/v2\/pages\/4463\/revisions\/8555"}],"up":[{"embeddable":true,"href":"https:\/\/test.lm.annajurekjellonek.com\/de\/wp-json\/wp\/v2\/pages\/3714"}],"wp:attachment":[{"href":"https:\/\/test.lm.annajurekjellonek.com\/de\/wp-json\/wp\/v2\/media?parent=4463"}],"curies":[{"name":"wp","href":"https:\/\/api.w.org\/{rel}","templated":true}]}}