{"id":3809,"date":"2022-01-18T15:56:59","date_gmt":"2022-01-18T14:56:59","guid":{"rendered":"https:\/\/dev.languagemasters.ch\/ueber-uns\/offene-stellen\/"},"modified":"2024-06-27T14:19:47","modified_gmt":"2024-06-27T12:19:47","slug":"offene-stellen","status":"publish","type":"page","link":"https:\/\/test.lm.annajurekjellonek.com\/de\/ueber-uns\/offene-stellen\/","title":{"rendered":"Offene Stellen"},"content":{"rendered":"\t\t<div data-elementor-type=\"wp-page\" data-elementor-id=\"3809\" class=\"elementor elementor-3809 elementor-2581\" data-elementor-post-type=\"page\">\n\t\t\t\t\t\t<section class=\"elementor-section elementor-top-section elementor-element elementor-element-2f62402 elementor-section-boxed elementor-section-height-default elementor-section-height-default\" data-id=\"2f62402\" data-element_type=\"section\" data-e-type=\"section\">\n\t\t\t\t\t\t<div class=\"elementor-container elementor-column-gap-default\">\n\t\t\t\t\t<div class=\"elementor-column elementor-col-100 elementor-top-column elementor-element elementor-element-edcd6a7\" data-id=\"edcd6a7\" data-element_type=\"column\" data-e-type=\"column\">\n\t\t\t<div class=\"elementor-widget-wrap elementor-element-populated\">\n\t\t\t\t\t\t<div class=\"elementor-element elementor-element-15ff535 elementor-widget elementor-widget-text-editor\" data-id=\"15ff535\" data-element_type=\"widget\" data-e-type=\"widget\" data-widget_type=\"text-editor.default\">\n\t\t\t\t<div class=\"elementor-widget-container\">\n\t\t\t\t\t\t\t\t\t<p>Wir freuen uns immer \u00fcber Bewerbungen von motivierten und engagierten Menschen, die sich f\u00fcr die Philosophie von LanguageMasters begeistern.<\/p>\t\t\t\t\t\t\t\t<\/div>\n\t\t\t\t<\/div>\n\t\t\t\t\t<\/div>\n\t\t<\/div>\n\t\t\t\t\t<\/div>\n\t\t<\/section>\n\t\t\t\t<section class=\"elementor-section elementor-top-section elementor-element elementor-element-d5f2fbf elementor-section-boxed elementor-section-height-default elementor-section-height-default\" data-id=\"d5f2fbf\" data-element_type=\"section\" data-e-type=\"section\">\n\t\t\t\t\t\t<div class=\"elementor-container elementor-column-gap-default\">\n\t\t\t\t\t<div class=\"elementor-column elementor-col-100 elementor-top-column elementor-element elementor-element-970aaab\" data-id=\"970aaab\" data-element_type=\"column\" data-e-type=\"column\">\n\t\t\t<div class=\"elementor-widget-wrap elementor-element-populated\">\n\t\t\t\t\t\t<div class=\"elementor-element elementor-element-48386d3 elementor-widget elementor-widget-heading\" data-id=\"48386d3\" data-element_type=\"widget\" data-e-type=\"widget\" data-widget_type=\"heading.default\">\n\t\t\t\t<div class=\"elementor-widget-container\">\n\t\t\t\t\t<h4 class=\"elementor-heading-title elementor-size-default\">derzeit suchen wir die folgenden Lehrkr\u00e4fte:<\/h4>\t\t\t\t<\/div>\n\t\t\t\t<\/div>\n\t\t\t\t\t<\/div>\n\t\t<\/div>\n\t\t\t\t\t<\/div>\n\t\t<\/section>\n\t\t\t\t<section class=\"elementor-section elementor-top-section elementor-element elementor-element-b7b35fd elementor-section-boxed elementor-section-height-default elementor-section-height-default\" data-id=\"b7b35fd\" data-element_type=\"section\" data-e-type=\"section\" data-settings=\"{&quot;background_background&quot;:&quot;gradient&quot;}\">\n\t\t\t\t\t\t<div class=\"elementor-container elementor-column-gap-default\">\n\t\t\t\t\t<div class=\"elementor-column elementor-col-33 elementor-top-column elementor-element elementor-element-9e9f3ff\" data-id=\"9e9f3ff\" data-element_type=\"column\" data-e-type=\"column\">\n\t\t\t<div class=\"elementor-widget-wrap\">\n\t\t\t\t\t\t\t<\/div>\n\t\t<\/div>\n\t\t\t\t<div class=\"elementor-column elementor-col-33 elementor-top-column elementor-element elementor-element-3f94d24\" data-id=\"3f94d24\" data-element_type=\"column\" data-e-type=\"column\">\n\t\t\t<div class=\"elementor-widget-wrap\">\n\t\t\t\t\t\t\t<\/div>\n\t\t<\/div>\n\t\t\t\t<div class=\"elementor-column elementor-col-33 elementor-top-column elementor-element elementor-element-b766748\" data-id=\"b766748\" data-element_type=\"column\" data-e-type=\"column\">\n\t\t\t<div class=\"elementor-widget-wrap\">\n\t\t\t\t\t\t\t<\/div>\n\t\t<\/div>\n\t\t\t\t\t<\/div>\n\t\t<\/section>\n\t\t\t\t<section class=\"elementor-section elementor-top-section elementor-element elementor-element-d8f6884 elementor-section-height-min-height elementor-section-boxed elementor-section-height-default elementor-section-items-middle\" data-id=\"d8f6884\" data-element_type=\"section\" data-e-type=\"section\" data-settings=\"{&quot;background_background&quot;:&quot;classic&quot;,&quot;shape_divider_top&quot;:&quot;tilt&quot;}\">\n\t\t\t\t\t<div class=\"elementor-shape elementor-shape-top\" aria-hidden=\"true\" data-negative=\"false\">\n\t\t\t<svg xmlns=\"http:\/\/www.w3.org\/2000\/svg\" viewBox=\"0 0 1000 100\" preserveAspectRatio=\"none\">\n\t<path class=\"elementor-shape-fill\" d=\"M0,6V0h1000v100L0,6z\"\/>\n<\/svg>\t\t<\/div>\n\t\t\t\t\t<div class=\"elementor-container elementor-column-gap-default\">\n\t\t\t\t\t<div class=\"elementor-column elementor-col-100 elementor-top-column elementor-element elementor-element-0e09248\" data-id=\"0e09248\" data-element_type=\"column\" data-e-type=\"column\" data-settings=\"{&quot;background_background&quot;:&quot;classic&quot;}\">\n\t\t\t<div class=\"elementor-widget-wrap elementor-element-populated\">\n\t\t\t\t\t\t<div class=\"elementor-element elementor-element-152ad78 elementor-widget elementor-widget-heading\" data-id=\"152ad78\" data-element_type=\"widget\" data-e-type=\"widget\" data-widget_type=\"heading.default\">\n\t\t\t\t<div class=\"elementor-widget-container\">\n\t\t\t\t\t<h2 class=\"elementor-heading-title elementor-size-default\">wichtige Sachen<\/h2>\t\t\t\t<\/div>\n\t\t\t\t<\/div>\n\t\t\t\t<section class=\"elementor-section elementor-inner-section elementor-element elementor-element-8f1a4d2 elementor-section-boxed elementor-section-height-default elementor-section-height-default\" data-id=\"8f1a4d2\" data-element_type=\"section\" data-e-type=\"section\">\n\t\t\t\t\t\t<div class=\"elementor-container elementor-column-gap-default\">\n\t\t\t\t\t<div class=\"elementor-column elementor-col-50 elementor-inner-column elementor-element elementor-element-caae58a\" data-id=\"caae58a\" data-element_type=\"column\" data-e-type=\"column\">\n\t\t\t<div class=\"elementor-widget-wrap elementor-element-populated\">\n\t\t\t\t\t\t<div class=\"elementor-element elementor-element-8922317 elementor-widget elementor-widget-heading\" data-id=\"8922317\" data-element_type=\"widget\" data-e-type=\"widget\" data-widget_type=\"heading.default\">\n\t\t\t\t<div class=\"elementor-widget-container\">\n\t\t\t\t\t<h2 class=\"elementor-heading-title elementor-size-default\">LanguageMasters suchen:<\/h2>\t\t\t\t<\/div>\n\t\t\t\t<\/div>\n\t\t\t\t<div class=\"elementor-element elementor-element-353ed43 elementor-widget elementor-widget-text-editor\" data-id=\"353ed43\" data-element_type=\"widget\" data-e-type=\"widget\" data-widget_type=\"text-editor.default\">\n\t\t\t\t<div class=\"elementor-widget-container\">\n\t\t\t\t\t\t\t\t\t<ul><li>die erste Voraussetzung bei LanguageMasters ist die Leidenschaft f\u00fcr den Unterricht und das Interesse am interkulturellen Austausch<\/li><\/ul><p>\u00a0<\/p><ul><li>hohe soziale Kompetenz, offene und kommunikative Pers\u00f6nlichkeiten<br \/>p\u00e4dagogische Ausbildung (Bachelor, Master, PHD in Linguistik, Literaturwissenschaft oder in einem verwandten Gebiet)<\/li><\/ul><p>\u00a0<\/p><ul><li>Didaktische Ausbildung (DaF\/DaZ, SVEB) Unterrichtserfahrung (mind. 1 Jahr)<\/li><\/ul><p>\u00a0<\/p><ul><li>Flexibilit\u00e4t, Engagement, Kreativit\u00e4t, Lernbereitschaft, Einsatzbereitschaft, innovatives Denken<\/li><\/ul>\t\t\t\t\t\t\t\t<\/div>\n\t\t\t\t<\/div>\n\t\t\t\t\t<\/div>\n\t\t<\/div>\n\t\t\t\t<div class=\"elementor-column elementor-col-50 elementor-inner-column elementor-element elementor-element-e9bcf84\" data-id=\"e9bcf84\" data-element_type=\"column\" data-e-type=\"column\">\n\t\t\t<div class=\"elementor-widget-wrap elementor-element-populated\">\n\t\t\t\t\t\t<div class=\"elementor-element elementor-element-194716d elementor-widget elementor-widget-heading\" data-id=\"194716d\" data-element_type=\"widget\" data-e-type=\"widget\" data-widget_type=\"heading.default\">\n\t\t\t\t<div class=\"elementor-widget-container\">\n\t\t\t\t\t<h2 class=\"elementor-heading-title elementor-size-default\">LanguageMasters bietet:<\/h2>\t\t\t\t<\/div>\n\t\t\t\t<\/div>\n\t\t\t\t<div class=\"elementor-element elementor-element-954c5e5 elementor-widget elementor-widget-text-editor\" data-id=\"954c5e5\" data-element_type=\"widget\" data-e-type=\"widget\" data-widget_type=\"text-editor.default\">\n\t\t\t\t<div class=\"elementor-widget-container\">\n\t\t\t\t\t\t\t\t\t<ul><li>die M\u00f6glichkeit, verschiedene Kursformen (Gruppen-, Einzel- oder Online-Unterricht) auf verschiedenen Niveaus (A1-C2) zu unterrichten<\/li><\/ul><p>\u00a0<\/p><ul><li>professionelle Unterst\u00fctzung und eine proaktive Feedback-Kultur<\/li><\/ul><p>\u00a0<\/p><ul><li>flache Hierarchien und ein lebendiges, hilfsbereites und stets fr\u00f6hliches Team<\/li><\/ul><p>\u00a0<\/p><ul><li>interne Fortbildung plus Sprachgutscheine<\/li><\/ul><p>\u00a0<\/p><ul><li>Unterst\u00fctzung bei Weiterbildungen und Qualifizierungen<\/li><\/ul><p>\u00a0<\/p><ul><li>eine offene Dialogkultur und Raum f\u00fcr Kreativit\u00e4t<\/li><\/ul><p>\u00a0<\/p><ul><li>Bonusprogramm<\/li><\/ul>\t\t\t\t\t\t\t\t<\/div>\n\t\t\t\t<\/div>\n\t\t\t\t\t<\/div>\n\t\t<\/div>\n\t\t\t\t\t<\/div>\n\t\t<\/section>\n\t\t\t\t\t<\/div>\n\t\t<\/div>\n\t\t\t\t\t<\/div>\n\t\t<\/section>\n\t\t\t\t<section class=\"elementor-section elementor-top-section elementor-element elementor-element-eee0e70 elementor-section-boxed elementor-section-height-default elementor-section-height-default\" data-id=\"eee0e70\" data-element_type=\"section\" data-e-type=\"section\">\n\t\t\t\t\t\t<div class=\"elementor-container elementor-column-gap-default\">\n\t\t\t\t\t<div class=\"elementor-column elementor-col-100 elementor-top-column elementor-element elementor-element-fe820ad\" data-id=\"fe820ad\" data-element_type=\"column\" data-e-type=\"column\">\n\t\t\t<div class=\"elementor-widget-wrap elementor-element-populated\">\n\t\t\t\t\t\t<div class=\"elementor-element elementor-element-8319352 elementor-widget elementor-widget-text-editor\" data-id=\"8319352\" data-element_type=\"widget\" data-e-type=\"widget\" data-widget_type=\"text-editor.default\">\n\t\t\t\t<div class=\"elementor-widget-container\">\n\t\t\t\t\t\t\t\t\t<p>Wenn Sie ein Teil des LanguageMasters-Teams werden m\u00f6chten, senden Sie uns bitte Ihre Unterlagen (Lebenslauf mit Foto, Zeugnisse und Diplome) an <strong>staff@languagemasters.ch<\/strong>. Wir freuen uns darauf, von Ihnen zu h\u00f6ren!<\/p>\t\t\t\t\t\t\t\t<\/div>\n\t\t\t\t<\/div>\n\t\t\t\t\t<\/div>\n\t\t<\/div>\n\t\t\t\t\t<\/div>\n\t\t<\/section>\n\t\t\t\t<\/div>\n\t\t","protected":false},"excerpt":{"rendered":"<p>Wir freuen uns immer \u00fcber Bewerbungen von motivierten und engagierten Menschen, die sich f\u00fcr die Philosophie von LanguageMasters begeistern. derzeit suchen wir die folgenden Lehrkr\u00e4fte: 80 &#8211; 80 % Lehrkraft f\u00fcr Deutsch 10 &#8211; 10 % Lehrkraft f\u00fcr Schweizerdeutsch 10 &#8211; 10 % Lehrkraft f\u00fcr Deutsch (Kinder) wichtige Sachen LanguageMasters suchen: die erste Voraussetzung bei [&hellip;]<\/p>\n","protected":false},"author":3,"featured_media":0,"parent":3714,"menu_order":0,"comment_status":"closed","ping_status":"closed","template":"","meta":{"_acf_changed":false,"footnotes":""},"class_list":["post-3809","page","type-page","status-publish","hentry"],"acf":[],"yoast_head":"<!-- This site is optimized with the Yoast SEO plugin v27.4 - https:\/\/yoast.com\/product\/yoast-seo-wordpress\/ -->\n<title>Offene Stellen - LanguageMasters<\/title>\n<meta name=\"description\" content=\"Wir bieten Sprachkurse mit professionellen, qualifizierten Lehrern an. Hier sind unsere offenen Stellen. Kommen Sie in unser Team!\" \/>\n<meta name=\"robots\" content=\"index, follow, max-snippet:-1, max-image-preview:large, max-video-preview:-1\" \/>\n<link rel=\"canonical\" href=\"https:\/\/test.lm.annajurekjellonek.com\/de\/ueber-uns\/offene-stellen\/\" \/>\n<meta property=\"og:locale\" content=\"de_DE\" \/>\n<meta property=\"og:type\" content=\"article\" \/>\n<meta property=\"og:title\" content=\"Offene Stellen - LanguageMasters\" \/>\n<meta property=\"og:description\" content=\"Wir bieten Sprachkurse mit professionellen, qualifizierten Lehrern an. Hier sind unsere offenen Stellen. Kommen Sie in unser Team!\" \/>\n<meta property=\"og:url\" content=\"https:\/\/test.lm.annajurekjellonek.com\/de\/ueber-uns\/offene-stellen\/\" \/>\n<meta property=\"og:site_name\" content=\"LanguageMasters\" \/>\n<meta property=\"article:modified_time\" content=\"2024-06-27T12:19:47+00:00\" \/>\n<meta name=\"twitter:card\" content=\"summary_large_image\" \/>\n<meta name=\"twitter:label1\" content=\"Gesch\u00e4tzte Lesezeit\" \/>\n\t<meta name=\"twitter:data1\" content=\"1\u00a0Minute\" \/>\n<script type=\"application\/ld+json\" class=\"yoast-schema-graph\">{\"@context\":\"https:\\\/\\\/schema.org\",\"@graph\":[{\"@type\":\"WebPage\",\"@id\":\"https:\\\/\\\/test.lm.annajurekjellonek.com\\\/de\\\/ueber-uns\\\/offene-stellen\\\/\",\"url\":\"https:\\\/\\\/test.lm.annajurekjellonek.com\\\/de\\\/ueber-uns\\\/offene-stellen\\\/\",\"name\":\"Offene Stellen - LanguageMasters\",\"isPartOf\":{\"@id\":\"https:\\\/\\\/test.lm.annajurekjellonek.com\\\/#website\"},\"datePublished\":\"2022-01-18T14:56:59+00:00\",\"dateModified\":\"2024-06-27T12:19:47+00:00\",\"description\":\"Wir bieten Sprachkurse mit professionellen, qualifizierten Lehrern an. Hier sind unsere offenen Stellen. Kommen Sie in unser Team!\",\"breadcrumb\":{\"@id\":\"https:\\\/\\\/test.lm.annajurekjellonek.com\\\/de\\\/ueber-uns\\\/offene-stellen\\\/#breadcrumb\"},\"inLanguage\":\"de\",\"potentialAction\":[{\"@type\":\"ReadAction\",\"target\":[\"https:\\\/\\\/test.lm.annajurekjellonek.com\\\/de\\\/ueber-uns\\\/offene-stellen\\\/\"]}]},{\"@type\":\"BreadcrumbList\",\"@id\":\"https:\\\/\\\/test.lm.annajurekjellonek.com\\\/de\\\/ueber-uns\\\/offene-stellen\\\/#breadcrumb\",\"itemListElement\":[{\"@type\":\"ListItem\",\"position\":1,\"name\":\"Startseite\",\"item\":\"https:\\\/\\\/test.lm.annajurekjellonek.com\\\/\"},{\"@type\":\"ListItem\",\"position\":2,\"name\":\"\u00dcber uns\",\"item\":\"https:\\\/\\\/test.lm.annajurekjellonek.com\\\/about-us\\\/\"},{\"@type\":\"ListItem\",\"position\":3,\"name\":\"Offene Stellen\"}]},{\"@type\":\"WebSite\",\"@id\":\"https:\\\/\\\/test.lm.annajurekjellonek.com\\\/#website\",\"url\":\"https:\\\/\\\/test.lm.annajurekjellonek.com\\\/\",\"name\":\"LanguageMasters\",\"description\":\"Eine weitere WordPress-Website\",\"potentialAction\":[{\"@type\":\"SearchAction\",\"target\":{\"@type\":\"EntryPoint\",\"urlTemplate\":\"https:\\\/\\\/test.lm.annajurekjellonek.com\\\/?s={search_term_string}\"},\"query-input\":{\"@type\":\"PropertyValueSpecification\",\"valueRequired\":true,\"valueName\":\"search_term_string\"}}],\"inLanguage\":\"de\"}]}<\/script>\n<!-- \/ Yoast SEO plugin. -->","yoast_head_json":{"title":"Offene Stellen - LanguageMasters","description":"Wir bieten Sprachkurse mit professionellen, qualifizierten Lehrern an. Hier sind unsere offenen Stellen. Kommen Sie in unser Team!","robots":{"index":"index","follow":"follow","max-snippet":"max-snippet:-1","max-image-preview":"max-image-preview:large","max-video-preview":"max-video-preview:-1"},"canonical":"https:\/\/test.lm.annajurekjellonek.com\/de\/ueber-uns\/offene-stellen\/","og_locale":"de_DE","og_type":"article","og_title":"Offene Stellen - LanguageMasters","og_description":"Wir bieten Sprachkurse mit professionellen, qualifizierten Lehrern an. Hier sind unsere offenen Stellen. Kommen Sie in unser Team!","og_url":"https:\/\/test.lm.annajurekjellonek.com\/de\/ueber-uns\/offene-stellen\/","og_site_name":"LanguageMasters","article_modified_time":"2024-06-27T12:19:47+00:00","twitter_card":"summary_large_image","twitter_misc":{"Gesch\u00e4tzte Lesezeit":"1\u00a0Minute"},"schema":{"@context":"https:\/\/schema.org","@graph":[{"@type":"WebPage","@id":"https:\/\/test.lm.annajurekjellonek.com\/de\/ueber-uns\/offene-stellen\/","url":"https:\/\/test.lm.annajurekjellonek.com\/de\/ueber-uns\/offene-stellen\/","name":"Offene Stellen - LanguageMasters","isPartOf":{"@id":"https:\/\/test.lm.annajurekjellonek.com\/#website"},"datePublished":"2022-01-18T14:56:59+00:00","dateModified":"2024-06-27T12:19:47+00:00","description":"Wir bieten Sprachkurse mit professionellen, qualifizierten Lehrern an. Hier sind unsere offenen Stellen. Kommen Sie in unser Team!","breadcrumb":{"@id":"https:\/\/test.lm.annajurekjellonek.com\/de\/ueber-uns\/offene-stellen\/#breadcrumb"},"inLanguage":"de","potentialAction":[{"@type":"ReadAction","target":["https:\/\/test.lm.annajurekjellonek.com\/de\/ueber-uns\/offene-stellen\/"]}]},{"@type":"BreadcrumbList","@id":"https:\/\/test.lm.annajurekjellonek.com\/de\/ueber-uns\/offene-stellen\/#breadcrumb","itemListElement":[{"@type":"ListItem","position":1,"name":"Startseite","item":"https:\/\/test.lm.annajurekjellonek.com\/"},{"@type":"ListItem","position":2,"name":"\u00dcber uns","item":"https:\/\/test.lm.annajurekjellonek.com\/about-us\/"},{"@type":"ListItem","position":3,"name":"Offene Stellen"}]},{"@type":"WebSite","@id":"https:\/\/test.lm.annajurekjellonek.com\/#website","url":"https:\/\/test.lm.annajurekjellonek.com\/","name":"LanguageMasters","description":"Eine weitere WordPress-Website","potentialAction":[{"@type":"SearchAction","target":{"@type":"EntryPoint","urlTemplate":"https:\/\/test.lm.annajurekjellonek.com\/?s={search_term_string}"},"query-input":{"@type":"PropertyValueSpecification","valueRequired":true,"valueName":"search_term_string"}}],"inLanguage":"de"}]}},"_links":{"self":[{"href":"https:\/\/test.lm.annajurekjellonek.com\/de\/wp-json\/wp\/v2\/pages\/3809","targetHints":{"allow":["GET"]}}],"collection":[{"href":"https:\/\/test.lm.annajurekjellonek.com\/de\/wp-json\/wp\/v2\/pages"}],"about":[{"href":"https:\/\/test.lm.annajurekjellonek.com\/de\/wp-json\/wp\/v2\/types\/page"}],"author":[{"embeddable":true,"href":"https:\/\/test.lm.annajurekjellonek.com\/de\/wp-json\/wp\/v2\/users\/3"}],"replies":[{"embeddable":true,"href":"https:\/\/test.lm.annajurekjellonek.com\/de\/wp-json\/wp\/v2\/comments?post=3809"}],"version-history":[{"count":24,"href":"https:\/\/test.lm.annajurekjellonek.com\/de\/wp-json\/wp\/v2\/pages\/3809\/revisions"}],"predecessor-version":[{"id":6895,"href":"https:\/\/test.lm.annajurekjellonek.com\/de\/wp-json\/wp\/v2\/pages\/3809\/revisions\/6895"}],"up":[{"embeddable":true,"href":"https:\/\/test.lm.annajurekjellonek.com\/de\/wp-json\/wp\/v2\/pages\/3714"}],"wp:attachment":[{"href":"https:\/\/test.lm.annajurekjellonek.com\/de\/wp-json\/wp\/v2\/media?parent=3809"}],"curies":[{"name":"wp","href":"https:\/\/api.w.org\/{rel}","templated":true}]}}