{"id":3795,"date":"2021-09-02T08:55:52","date_gmt":"2021-09-02T06:55:52","guid":{"rendered":"https:\/\/dev.languagemasters.ch\/sprachgutscheine\/"},"modified":"2023-12-21T12:14:51","modified_gmt":"2023-12-21T11:14:51","slug":"sprachgutscheine","status":"publish","type":"page","link":"https:\/\/test.lm.annajurekjellonek.com\/de\/kursangebot\/sprachgutscheine\/","title":{"rendered":"Sprachgutscheine"},"content":{"rendered":"\t\t<div data-elementor-type=\"wp-page\" data-elementor-id=\"3795\" class=\"elementor elementor-3795 elementor-943\" data-elementor-post-type=\"page\">\n\t\t\t\t\t\t<section class=\"elementor-section elementor-top-section elementor-element elementor-element-2f62402 elementor-section-boxed elementor-section-height-default elementor-section-height-default\" data-id=\"2f62402\" data-element_type=\"section\" data-e-type=\"section\">\n\t\t\t\t\t\t<div class=\"elementor-container elementor-column-gap-default\">\n\t\t\t\t\t<div class=\"elementor-column elementor-col-50 elementor-top-column elementor-element elementor-element-edcd6a7\" data-id=\"edcd6a7\" data-element_type=\"column\" data-e-type=\"column\">\n\t\t\t<div class=\"elementor-widget-wrap elementor-element-populated\">\n\t\t\t\t\t\t<div class=\"elementor-element elementor-element-15ff535 elementor-widget elementor-widget-text-editor\" data-id=\"15ff535\" data-element_type=\"widget\" data-e-type=\"widget\" data-widget_type=\"text-editor.default\">\n\t\t\t\t<div class=\"elementor-widget-container\">\n\t\t\t\t\t\t\t\t\t<p><strong>Sind Sie auf der Suche nach einem besonderen Geschenk oder m\u00f6chten Sie einfach jemandem eine Freude machen?<\/strong><\/p><p>LanguageMasters bietet die M\u00f6glichkeit von Geschenkgutscheinen, mit denen Sie das Lernen verschenken k\u00f6nnen.<\/p><p>Unsere Geschenkgutscheine k\u00f6nnen f\u00fcr alle unsere Kurse verwendet werden, egal ob Gruppen- oder Privatkurse und f\u00fcr jede Sprache. Die Wahl liegt beim Beschenkten.<\/p><p>Sie k\u00f6nnen aus den unten stehenden Betr\u00e4gen w\u00e4hlen oder uns kontaktieren, damit wir Ihnen weiter helfen.<\/p>\t\t\t\t\t\t\t\t<\/div>\n\t\t\t\t<\/div>\n\t\t\t\t\t<\/div>\n\t\t<\/div>\n\t\t\t\t<div class=\"elementor-column elementor-col-50 elementor-top-column elementor-element elementor-element-62ff705\" data-id=\"62ff705\" data-element_type=\"column\" data-e-type=\"column\">\n\t\t\t<div class=\"elementor-widget-wrap elementor-element-populated\">\n\t\t\t\t\t\t<div class=\"elementor-element elementor-element-18b2b88 elementor-widget elementor-widget-image\" data-id=\"18b2b88\" data-element_type=\"widget\" data-e-type=\"widget\" data-widget_type=\"image.default\">\n\t\t\t\t<div class=\"elementor-widget-container\">\n\t\t\t\t\t\t\t\t\t\t\t\t\t\t\t<img fetchpriority=\"high\" decoding=\"async\" width=\"800\" height=\"528\" src=\"https:\/\/test.lm.annajurekjellonek.com\/wp-content\/uploads\/2022\/01\/voucher.png\" class=\"attachment-large size-large wp-image-3646\" alt=\"language vouchers\" srcset=\"https:\/\/test.lm.annajurekjellonek.com\/wp-content\/uploads\/2022\/01\/voucher.png 940w, https:\/\/test.lm.annajurekjellonek.com\/wp-content\/uploads\/2022\/01\/voucher-300x198.png 300w, https:\/\/test.lm.annajurekjellonek.com\/wp-content\/uploads\/2022\/01\/voucher-768x507.png 768w\" sizes=\"(max-width: 800px) 100vw, 800px\" \/>\t\t\t\t\t\t\t\t\t\t\t\t\t\t\t<\/div>\n\t\t\t\t<\/div>\n\t\t\t\t\t<\/div>\n\t\t<\/div>\n\t\t\t\t\t<\/div>\n\t\t<\/section>\n\t\t\t\t<section class=\"elementor-section elementor-top-section elementor-element elementor-element-e09ea55 elementor-section-full_width elementor-section-height-default elementor-section-height-default\" data-id=\"e09ea55\" data-element_type=\"section\" data-e-type=\"section\">\n\t\t\t\t\t\t<div class=\"elementor-container elementor-column-gap-default\">\n\t\t\t\t\t<div class=\"elementor-column elementor-col-100 elementor-top-column elementor-element elementor-element-9d8fcce\" data-id=\"9d8fcce\" data-element_type=\"column\" data-e-type=\"column\">\n\t\t\t<div class=\"elementor-widget-wrap elementor-element-populated\">\n\t\t\t\t\t\t<div class=\"elementor-element elementor-element-4c6529b elementor-widget elementor-widget-shortcode\" data-id=\"4c6529b\" data-element_type=\"widget\" data-e-type=\"widget\" data-widget_type=\"shortcode.default\">\n\t\t\t\t<div class=\"elementor-widget-container\">\n\t\t\t\t\t\t\t<div class=\"elementor-shortcode\">\t\t<div data-elementor-type=\"section\" data-elementor-id=\"3793\" class=\"elementor elementor-3793 elementor-3251 elementor-3251\" data-elementor-post-type=\"elementor_library\">\n\t\t\t\t\t<section class=\"elementor-section elementor-top-section elementor-element elementor-element-1be2effe elementor-section-boxed elementor-section-height-default elementor-section-height-default\" data-id=\"1be2effe\" data-element_type=\"section\" data-e-type=\"section\" data-settings=\"{&quot;background_background&quot;:&quot;classic&quot;}\">\n\t\t\t\t\t\t\t<div class=\"elementor-background-overlay\"><\/div>\n\t\t\t\t\t\t\t<div class=\"elementor-container elementor-column-gap-default\">\n\t\t\t\t\t<div class=\"elementor-column elementor-col-50 elementor-top-column elementor-element elementor-element-38fd42bb\" data-id=\"38fd42bb\" data-element_type=\"column\" data-e-type=\"column\" data-settings=\"{&quot;background_background&quot;:&quot;classic&quot;}\">\n\t\t\t<div class=\"elementor-widget-wrap elementor-element-populated\">\n\t\t\t\t\t\t<div class=\"elementor-element elementor-element-3bb88693 elementor-view-default elementor-widget elementor-widget-icon\" data-id=\"3bb88693\" data-element_type=\"widget\" data-e-type=\"widget\" data-widget_type=\"icon.default\">\n\t\t\t\t<div class=\"elementor-widget-container\">\n\t\t\t\t\t\t\t<div class=\"elementor-icon-wrapper\">\n\t\t\t<div class=\"elementor-icon\">\n\t\t\t<i aria-hidden=\"true\" class=\"fas fa-gift\"><\/i>\t\t\t<\/div>\n\t\t<\/div>\n\t\t\t\t\t\t<\/div>\n\t\t\t\t<\/div>\n\t\t\t\t<div class=\"elementor-element elementor-element-1fd88fe elementor-widget elementor-widget-heading\" data-id=\"1fd88fe\" data-element_type=\"widget\" data-e-type=\"widget\" data-widget_type=\"heading.default\">\n\t\t\t\t<div class=\"elementor-widget-container\">\n\t\t\t\t\t<h2 class=\"elementor-heading-title elementor-size-default\"><span>Interessiert?<\/span><br> F\u00fcllen Sie jetzt unser Gutschein-Anfrageformular aus!<\/h2>\t\t\t\t<\/div>\n\t\t\t\t<\/div>\n\t\t\t\t\t<\/div>\n\t\t<\/div>\n\t\t\t\t<div class=\"elementor-column elementor-col-50 elementor-top-column elementor-element elementor-element-6679ac4e\" data-id=\"6679ac4e\" data-element_type=\"column\" data-e-type=\"column\" data-settings=\"{&quot;background_background&quot;:&quot;classic&quot;}\">\n\t\t\t<div class=\"elementor-widget-wrap elementor-element-populated\">\n\t\t\t\t\t\t<div class=\"elementor-element elementor-element-3bd1a2aa elementor-button-align-stretch elementor-widget elementor-widget-form\" data-id=\"3bd1a2aa\" data-element_type=\"widget\" data-e-type=\"widget\" data-settings=\"{&quot;step_next_label&quot;:&quot;weiter&quot;,&quot;step_previous_label&quot;:&quot;zur\\u00fcck&quot;,&quot;button_width&quot;:&quot;100&quot;,&quot;step_type&quot;:&quot;number_text&quot;,&quot;step_icon_shape&quot;:&quot;circle&quot;}\" data-widget_type=\"form.default\">\n\t\t\t\t<div class=\"elementor-widget-container\">\n\t\t\t\t\t\t\t<form class=\"elementor-form\" method=\"post\" name=\"New Form\" aria-label=\"New Form\">\n\t\t\t<input type=\"hidden\" name=\"post_id\" value=\"3793\"\/>\n\t\t\t<input type=\"hidden\" name=\"form_id\" value=\"3bd1a2aa\"\/>\n\t\t\t<input type=\"hidden\" name=\"referer_title\" value=\"LanguageMasters\" \/>\n\n\t\t\t\n\t\t\t<div class=\"elementor-form-fields-wrapper elementor-labels-above\">\n\t\t\t\t\t\t\t\t<div class=\"elementor-field-type-step elementor-field-group elementor-column elementor-field-group-field_f53cff2 elementor-col-100\">\n\t\t\t\t\t\t\t<div class=\"e-field-step elementor-hidden\" data-label=\"Gutschein-Informationen\" data-previousButton=\"\" data-nextButton=\"\" data-iconUrl=\"\" data-iconLibrary=\"fas fa-star\" data-icon=\"\" ><\/div>\n\n\t\t\t\t\t\t<\/div>\n\t\t\t\t\t\t\t\t<div class=\"elementor-field-type-html elementor-field-group elementor-column elementor-field-group-field_d139968 elementor-col-100\">\n\t\t\t\t\t<h2>Gutschein-Informationen<\/h1>\t\t\t\t<\/div>\n\t\t\t\t\t\t\t\t<div class=\"elementor-field-type-select elementor-field-group elementor-column elementor-field-group-name elementor-col-100 elementor-field-required\">\n\t\t\t\t\t\t\t\t\t\t\t\t<label for=\"form-field-name\" class=\"elementor-field-label\">\n\t\t\t\t\t\t\t\tEine Sprache zu lernen, ist das beste Geschenk! W\u00e4hlen Sie einen Wert...\t\t\t\t\t\t\t<\/label>\n\t\t\t\t\t\t\t\t<div class=\"elementor-field elementor-select-wrapper remove-before \">\n\t\t\t<div class=\"select-caret-down-wrapper\">\n\t\t\t\t<i aria-hidden=\"true\" class=\"eicon-caret-down\"><\/i>\t\t\t<\/div>\n\t\t\t<select name=\"form_fields[name]\" id=\"form-field-name\" class=\"elementor-field-textual elementor-size-sm\" required=\"required\">\n\t\t\t\t\t\t\t\t\t<option value=\"300chf\">300chf<\/option>\n\t\t\t\t\t\t\t\t\t<option value=\"500chf\">500chf<\/option>\n\t\t\t\t\t\t\t\t\t<option value=\"800chf\">800chf<\/option>\n\t\t\t\t\t\t\t\t\t<option value=\"andere (in Bemerkungen angeben)\">andere (in Bemerkungen angeben)<\/option>\n\t\t\t\t\t\t\t<\/select>\n\t\t<\/div>\n\t\t\t\t\t\t<\/div>\n\t\t\t\t\t\t\t\t<div class=\"elementor-field-type-step elementor-field-group elementor-column elementor-field-group-field_d967047 elementor-col-100\">\n\t\t\t\t\t\t\t<div class=\"e-field-step elementor-hidden\" data-label=\"pers\u00f6nliche Informationen\" data-previousButton=\"\" data-nextButton=\"\" data-iconUrl=\"\" data-iconLibrary=\"fas fa-star\" data-icon=\"\" ><\/div>\n\n\t\t\t\t\t\t<\/div>\n\t\t\t\t\t\t\t\t<div class=\"elementor-field-type-html elementor-field-group elementor-column elementor-field-group-field_2f54294 elementor-col-100\">\n\t\t\t\t\t<h2>Von:<\/h1>\t\t\t\t<\/div>\n\t\t\t\t\t\t\t\t<div class=\"elementor-field-type-text elementor-field-group elementor-column elementor-field-group-field_5d33f63 elementor-col-100\">\n\t\t\t\t\t\t\t\t\t\t\t\t<label for=\"form-field-field_5d33f63\" class=\"elementor-field-label\">\n\t\t\t\t\t\t\t\tVorname\/Nachname*\t\t\t\t\t\t\t<\/label>\n\t\t\t\t\t\t\t\t\t\t\t\t\t\t<input size=\"1\" type=\"text\" name=\"form_fields[field_5d33f63]\" id=\"form-field-field_5d33f63\" class=\"elementor-field elementor-size-sm  elementor-field-textual\">\n\t\t\t\t\t\t\t\t\t\t\t<\/div>\n\t\t\t\t\t\t\t\t<div class=\"elementor-field-type-email elementor-field-group elementor-column elementor-field-group-email elementor-col-50 elementor-field-required\">\n\t\t\t\t\t\t\t\t\t\t\t\t<label for=\"form-field-email\" class=\"elementor-field-label\">\n\t\t\t\t\t\t\t\tE-Mail*\t\t\t\t\t\t\t<\/label>\n\t\t\t\t\t\t\t\t\t\t\t\t\t\t<input size=\"1\" type=\"email\" name=\"form_fields[email]\" id=\"form-field-email\" class=\"elementor-field elementor-size-sm  elementor-field-textual\" placeholder=\"E-Mail\" required=\"required\">\n\t\t\t\t\t\t\t\t\t\t\t<\/div>\n\t\t\t\t\t\t\t\t<div class=\"elementor-field-type-html elementor-field-group elementor-column elementor-field-group-field_c696114 elementor-col-100\">\n\t\t\t\t\t<h2>An:<\/h1>\t\t\t\t<\/div>\n\t\t\t\t\t\t\t\t<div class=\"elementor-field-type-text elementor-field-group elementor-column elementor-field-group-field_4e0f206 elementor-col-100\">\n\t\t\t\t\t\t\t\t\t\t\t\t<label for=\"form-field-field_4e0f206\" class=\"elementor-field-label\">\n\t\t\t\t\t\t\t\tVorname\/Nachname*\t\t\t\t\t\t\t<\/label>\n\t\t\t\t\t\t\t\t\t\t\t\t\t\t<input size=\"1\" type=\"text\" name=\"form_fields[field_4e0f206]\" id=\"form-field-field_4e0f206\" class=\"elementor-field elementor-size-sm  elementor-field-textual\">\n\t\t\t\t\t\t\t\t\t\t\t<\/div>\n\t\t\t\t\t\t\t\t<div class=\"elementor-field-type-email elementor-field-group elementor-column elementor-field-group-field_9f28722 elementor-col-50 elementor-field-required\">\n\t\t\t\t\t\t\t\t\t\t\t\t<label for=\"form-field-field_9f28722\" class=\"elementor-field-label\">\n\t\t\t\t\t\t\t\tE-Mail*\t\t\t\t\t\t\t<\/label>\n\t\t\t\t\t\t\t\t\t\t\t\t\t\t<input size=\"1\" type=\"email\" name=\"form_fields[field_9f28722]\" id=\"form-field-field_9f28722\" class=\"elementor-field elementor-size-sm  elementor-field-textual\" placeholder=\"E-Mail\" required=\"required\">\n\t\t\t\t\t\t\t\t\t\t\t<\/div>\n\t\t\t\t\t\t\t\t<div class=\"elementor-field-type-textarea elementor-field-group elementor-column elementor-field-group-message elementor-col-100 elementor-field-required\">\n\t\t\t\t\t\t\t\t\t\t\t\t<label for=\"form-field-message\" class=\"elementor-field-label\">\n\t\t\t\t\t\t\t\tBermerkungen*\t\t\t\t\t\t\t<\/label>\n\t\t\t\t\t\t<textarea class=\"elementor-field-textual elementor-field  elementor-size-sm\" name=\"form_fields[message]\" id=\"form-field-message\" rows=\"4\" required=\"required\"><\/textarea>\t\t\t\t<\/div>\n\t\t\t\t\t\t\t\t<div class=\"elementor-field-type-html elementor-field-group elementor-column elementor-field-group-field_3bffe4a elementor-col-100\">\n\t\t\t\t\t<h6>Zahlung im Voraus per Rechnung. Sie erhalten den Gutschein nach Zahlungseingang.<\/h6>\t\t\t\t<\/div>\n\t\t\t\t\t\t\t\t<div class=\"elementor-field-group elementor-column elementor-field-type-submit elementor-col-100 e-form__buttons\">\n\t\t\t\t\t<button class=\"elementor-button elementor-size-sm\" type=\"submit\">\n\t\t\t\t\t\t<span class=\"elementor-button-content-wrapper\">\n\t\t\t\t\t\t\t\t\t\t\t\t\t\t\t\t\t\t\t\t\t\t<span class=\"elementor-button-text\">senden<\/span>\n\t\t\t\t\t\t\t\t\t\t\t\t\t<\/span>\n\t\t\t\t\t<\/button>\n\t\t\t\t<\/div>\n\t\t\t<\/div>\n\t\t<\/form>\n\t\t\t\t\t\t<\/div>\n\t\t\t\t<\/div>\n\t\t\t\t\t<\/div>\n\t\t<\/div>\n\t\t\t\t\t<\/div>\n\t\t<\/section>\n\t\t\t\t<\/div>\n\t\t<\/div>\n\t\t\t\t\t\t<\/div>\n\t\t\t\t<\/div>\n\t\t\t\t\t<\/div>\n\t\t<\/div>\n\t\t\t\t\t<\/div>\n\t\t<\/section>\n\t\t\t\t<\/div>\n\t\t","protected":false},"excerpt":{"rendered":"<p>Sind Sie auf der Suche nach einem besonderen Geschenk oder m\u00f6chten Sie einfach jemandem eine Freude machen? LanguageMasters bietet die M\u00f6glichkeit von Geschenkgutscheinen, mit denen Sie das Lernen verschenken k\u00f6nnen. Unsere Geschenkgutscheine k\u00f6nnen f\u00fcr alle unsere Kurse verwendet werden, egal ob Gruppen- oder Privatkurse und f\u00fcr jede Sprache. Die Wahl liegt beim Beschenkten. Sie k\u00f6nnen [&hellip;]<\/p>\n","protected":false},"author":1,"featured_media":0,"parent":3891,"menu_order":0,"comment_status":"closed","ping_status":"closed","template":"","meta":{"_acf_changed":false,"footnotes":""},"class_list":["post-3795","page","type-page","status-publish","hentry"],"acf":[],"yoast_head":"<!-- This site is optimized with the Yoast SEO plugin v27.4 - https:\/\/yoast.com\/product\/yoast-seo-wordpress\/ -->\n<title>Sprachgutscheine - LanguageMasters<\/title>\n<meta name=\"description\" content=\"LanguageMasters bietet Geschenkgutscheine f\u00fcr Sprachkurse an. Hohe Qualit\u00e4t, professionelle Lehrer, kleine Gruppen, schnelle Fortschritte.\" \/>\n<meta name=\"robots\" content=\"index, follow, max-snippet:-1, max-image-preview:large, max-video-preview:-1\" \/>\n<link rel=\"canonical\" href=\"https:\/\/test.lm.annajurekjellonek.com\/de\/kursangebot\/sprachgutscheine\/\" \/>\n<meta property=\"og:locale\" content=\"de_DE\" \/>\n<meta property=\"og:type\" content=\"article\" \/>\n<meta property=\"og:title\" content=\"Sprachgutscheine - LanguageMasters\" \/>\n<meta property=\"og:description\" content=\"LanguageMasters bietet Geschenkgutscheine f\u00fcr Sprachkurse an. Hohe Qualit\u00e4t, professionelle Lehrer, kleine Gruppen, schnelle Fortschritte.\" \/>\n<meta property=\"og:url\" content=\"https:\/\/test.lm.annajurekjellonek.com\/de\/kursangebot\/sprachgutscheine\/\" \/>\n<meta property=\"og:site_name\" content=\"LanguageMasters\" \/>\n<meta property=\"article:modified_time\" content=\"2023-12-21T11:14:51+00:00\" \/>\n<meta property=\"og:image\" content=\"https:\/\/test.lm.annajurekjellonek.com\/wp-content\/uploads\/2022\/01\/voucher.png\" \/>\n<meta name=\"twitter:card\" content=\"summary_large_image\" \/>\n<meta name=\"twitter:label1\" content=\"Gesch\u00e4tzte Lesezeit\" \/>\n\t<meta name=\"twitter:data1\" content=\"2\u00a0Minuten\" \/>\n<script type=\"application\/ld+json\" class=\"yoast-schema-graph\">{\"@context\":\"https:\\\/\\\/schema.org\",\"@graph\":[{\"@type\":\"WebPage\",\"@id\":\"https:\\\/\\\/test.lm.annajurekjellonek.com\\\/de\\\/kursangebot\\\/sprachgutscheine\\\/\",\"url\":\"https:\\\/\\\/test.lm.annajurekjellonek.com\\\/de\\\/kursangebot\\\/sprachgutscheine\\\/\",\"name\":\"Sprachgutscheine - LanguageMasters\",\"isPartOf\":{\"@id\":\"https:\\\/\\\/test.lm.annajurekjellonek.com\\\/#website\"},\"primaryImageOfPage\":{\"@id\":\"https:\\\/\\\/test.lm.annajurekjellonek.com\\\/de\\\/kursangebot\\\/sprachgutscheine\\\/#primaryimage\"},\"image\":{\"@id\":\"https:\\\/\\\/test.lm.annajurekjellonek.com\\\/de\\\/kursangebot\\\/sprachgutscheine\\\/#primaryimage\"},\"thumbnailUrl\":\"https:\\\/\\\/test.lm.annajurekjellonek.com\\\/wp-content\\\/uploads\\\/2022\\\/01\\\/voucher.png\",\"datePublished\":\"2021-09-02T06:55:52+00:00\",\"dateModified\":\"2023-12-21T11:14:51+00:00\",\"description\":\"LanguageMasters bietet Geschenkgutscheine f\u00fcr Sprachkurse an. Hohe Qualit\u00e4t, professionelle Lehrer, kleine Gruppen, schnelle Fortschritte.\",\"breadcrumb\":{\"@id\":\"https:\\\/\\\/test.lm.annajurekjellonek.com\\\/de\\\/kursangebot\\\/sprachgutscheine\\\/#breadcrumb\"},\"inLanguage\":\"de\",\"potentialAction\":[{\"@type\":\"ReadAction\",\"target\":[\"https:\\\/\\\/test.lm.annajurekjellonek.com\\\/de\\\/kursangebot\\\/sprachgutscheine\\\/\"]}]},{\"@type\":\"ImageObject\",\"inLanguage\":\"de\",\"@id\":\"https:\\\/\\\/test.lm.annajurekjellonek.com\\\/de\\\/kursangebot\\\/sprachgutscheine\\\/#primaryimage\",\"url\":\"https:\\\/\\\/test.lm.annajurekjellonek.com\\\/wp-content\\\/uploads\\\/2022\\\/01\\\/voucher.png\",\"contentUrl\":\"https:\\\/\\\/test.lm.annajurekjellonek.com\\\/wp-content\\\/uploads\\\/2022\\\/01\\\/voucher.png\"},{\"@type\":\"BreadcrumbList\",\"@id\":\"https:\\\/\\\/test.lm.annajurekjellonek.com\\\/de\\\/kursangebot\\\/sprachgutscheine\\\/#breadcrumb\",\"itemListElement\":[{\"@type\":\"ListItem\",\"position\":1,\"name\":\"Startseite\",\"item\":\"https:\\\/\\\/test.lm.annajurekjellonek.com\\\/\"},{\"@type\":\"ListItem\",\"position\":2,\"name\":\"Kursangebot\",\"item\":\"https:\\\/\\\/test.lm.annajurekjellonek.com\\\/de\\\/kursangebot\\\/\"},{\"@type\":\"ListItem\",\"position\":3,\"name\":\"Sprachgutscheine\"}]},{\"@type\":\"WebSite\",\"@id\":\"https:\\\/\\\/test.lm.annajurekjellonek.com\\\/#website\",\"url\":\"https:\\\/\\\/test.lm.annajurekjellonek.com\\\/\",\"name\":\"LanguageMasters\",\"description\":\"Eine weitere WordPress-Website\",\"potentialAction\":[{\"@type\":\"SearchAction\",\"target\":{\"@type\":\"EntryPoint\",\"urlTemplate\":\"https:\\\/\\\/test.lm.annajurekjellonek.com\\\/?s={search_term_string}\"},\"query-input\":{\"@type\":\"PropertyValueSpecification\",\"valueRequired\":true,\"valueName\":\"search_term_string\"}}],\"inLanguage\":\"de\"}]}<\/script>\n<!-- \/ Yoast SEO plugin. -->","yoast_head_json":{"title":"Sprachgutscheine - LanguageMasters","description":"LanguageMasters bietet Geschenkgutscheine f\u00fcr Sprachkurse an. Hohe Qualit\u00e4t, professionelle Lehrer, kleine Gruppen, schnelle Fortschritte.","robots":{"index":"index","follow":"follow","max-snippet":"max-snippet:-1","max-image-preview":"max-image-preview:large","max-video-preview":"max-video-preview:-1"},"canonical":"https:\/\/test.lm.annajurekjellonek.com\/de\/kursangebot\/sprachgutscheine\/","og_locale":"de_DE","og_type":"article","og_title":"Sprachgutscheine - LanguageMasters","og_description":"LanguageMasters bietet Geschenkgutscheine f\u00fcr Sprachkurse an. Hohe Qualit\u00e4t, professionelle Lehrer, kleine Gruppen, schnelle Fortschritte.","og_url":"https:\/\/test.lm.annajurekjellonek.com\/de\/kursangebot\/sprachgutscheine\/","og_site_name":"LanguageMasters","article_modified_time":"2023-12-21T11:14:51+00:00","og_image":[{"url":"https:\/\/test.lm.annajurekjellonek.com\/wp-content\/uploads\/2022\/01\/voucher.png","type":"","width":"","height":""}],"twitter_card":"summary_large_image","twitter_misc":{"Gesch\u00e4tzte Lesezeit":"2\u00a0Minuten"},"schema":{"@context":"https:\/\/schema.org","@graph":[{"@type":"WebPage","@id":"https:\/\/test.lm.annajurekjellonek.com\/de\/kursangebot\/sprachgutscheine\/","url":"https:\/\/test.lm.annajurekjellonek.com\/de\/kursangebot\/sprachgutscheine\/","name":"Sprachgutscheine - LanguageMasters","isPartOf":{"@id":"https:\/\/test.lm.annajurekjellonek.com\/#website"},"primaryImageOfPage":{"@id":"https:\/\/test.lm.annajurekjellonek.com\/de\/kursangebot\/sprachgutscheine\/#primaryimage"},"image":{"@id":"https:\/\/test.lm.annajurekjellonek.com\/de\/kursangebot\/sprachgutscheine\/#primaryimage"},"thumbnailUrl":"https:\/\/test.lm.annajurekjellonek.com\/wp-content\/uploads\/2022\/01\/voucher.png","datePublished":"2021-09-02T06:55:52+00:00","dateModified":"2023-12-21T11:14:51+00:00","description":"LanguageMasters bietet Geschenkgutscheine f\u00fcr Sprachkurse an. Hohe Qualit\u00e4t, professionelle Lehrer, kleine Gruppen, schnelle Fortschritte.","breadcrumb":{"@id":"https:\/\/test.lm.annajurekjellonek.com\/de\/kursangebot\/sprachgutscheine\/#breadcrumb"},"inLanguage":"de","potentialAction":[{"@type":"ReadAction","target":["https:\/\/test.lm.annajurekjellonek.com\/de\/kursangebot\/sprachgutscheine\/"]}]},{"@type":"ImageObject","inLanguage":"de","@id":"https:\/\/test.lm.annajurekjellonek.com\/de\/kursangebot\/sprachgutscheine\/#primaryimage","url":"https:\/\/test.lm.annajurekjellonek.com\/wp-content\/uploads\/2022\/01\/voucher.png","contentUrl":"https:\/\/test.lm.annajurekjellonek.com\/wp-content\/uploads\/2022\/01\/voucher.png"},{"@type":"BreadcrumbList","@id":"https:\/\/test.lm.annajurekjellonek.com\/de\/kursangebot\/sprachgutscheine\/#breadcrumb","itemListElement":[{"@type":"ListItem","position":1,"name":"Startseite","item":"https:\/\/test.lm.annajurekjellonek.com\/"},{"@type":"ListItem","position":2,"name":"Kursangebot","item":"https:\/\/test.lm.annajurekjellonek.com\/de\/kursangebot\/"},{"@type":"ListItem","position":3,"name":"Sprachgutscheine"}]},{"@type":"WebSite","@id":"https:\/\/test.lm.annajurekjellonek.com\/#website","url":"https:\/\/test.lm.annajurekjellonek.com\/","name":"LanguageMasters","description":"Eine weitere WordPress-Website","potentialAction":[{"@type":"SearchAction","target":{"@type":"EntryPoint","urlTemplate":"https:\/\/test.lm.annajurekjellonek.com\/?s={search_term_string}"},"query-input":{"@type":"PropertyValueSpecification","valueRequired":true,"valueName":"search_term_string"}}],"inLanguage":"de"}]}},"_links":{"self":[{"href":"https:\/\/test.lm.annajurekjellonek.com\/de\/wp-json\/wp\/v2\/pages\/3795","targetHints":{"allow":["GET"]}}],"collection":[{"href":"https:\/\/test.lm.annajurekjellonek.com\/de\/wp-json\/wp\/v2\/pages"}],"about":[{"href":"https:\/\/test.lm.annajurekjellonek.com\/de\/wp-json\/wp\/v2\/types\/page"}],"author":[{"embeddable":true,"href":"https:\/\/test.lm.annajurekjellonek.com\/de\/wp-json\/wp\/v2\/users\/1"}],"replies":[{"embeddable":true,"href":"https:\/\/test.lm.annajurekjellonek.com\/de\/wp-json\/wp\/v2\/comments?post=3795"}],"version-history":[{"count":8,"href":"https:\/\/test.lm.annajurekjellonek.com\/de\/wp-json\/wp\/v2\/pages\/3795\/revisions"}],"predecessor-version":[{"id":6164,"href":"https:\/\/test.lm.annajurekjellonek.com\/de\/wp-json\/wp\/v2\/pages\/3795\/revisions\/6164"}],"up":[{"embeddable":true,"href":"https:\/\/test.lm.annajurekjellonek.com\/de\/wp-json\/wp\/v2\/pages\/3891"}],"wp:attachment":[{"href":"https:\/\/test.lm.annajurekjellonek.com\/de\/wp-json\/wp\/v2\/media?parent=3795"}],"curies":[{"name":"wp","href":"https:\/\/api.w.org\/{rel}","templated":true}]}}